{"id":232,"date":"2023-10-21T17:55:59","date_gmt":"2023-10-21T15:55:59","guid":{"rendered":"https:\/\/bydletestylove.cz\/?page_id=232"},"modified":"2023-10-21T17:57:18","modified_gmt":"2023-10-21T15:57:18","slug":"dorucovaci-adresa-na-redakci","status":"publish","type":"page","link":"http:\/\/bydletestylove.cz\/index.php\/dorucovaci-adresa-na-redakci\/","title":{"rendered":"<span>Doru\u010dovac\u00ed adresa na redakci<\/span>"},"content":{"rendered":"<h4>.<\/h4>\n<p>&nbsp;<\/p>\n<h4 class=\"wp-block-heading\">Doru\u010dovac\u00ed adresa na redakci :<\/h4>\n<div class=\"wp-block-spacer\" aria-hidden=\"true\"><\/div>\n<div aria-hidden=\"true\">.<\/div>\n<div aria-hidden=\"true\"><strong>N a p i \u0161 t e\u00a0 \u00a0p \u0159 e s n \u00e9\u00a0 \u00a0z n \u011b n \u00ed\u00a0 \u00a0 a d r e s y :<\/strong><\/div>\n<div aria-hidden=\"true\"><\/div>\n<div aria-hidden=\"true\"><\/div>\n<h3><strong>HOUSE Media Group s.r.o. (SIMPLY OFFICE)<\/strong><\/h3>\n<h3><strong>Rybn\u00e1 716\/24<\/strong><\/h3>\n<h3><strong>Praha 1 \u2013 Star\u00e9 M\u011bsto<\/strong><\/h3>\n<h3><strong>110 00<\/strong><\/h3>\n<p>&nbsp;<\/p>\n<h4>D\u011bv\u010data jsou na recepci od 8:00 do 16:30 hod.<\/h4>\n<h4>(na uveden\u00e9 adrese je pot\u0159eba zvonit na zvonek SIMPLY OFFICE)<\/h4>\n<h4><\/h4>\n<p>&nbsp;<\/p>\n<h4>Telefon pro kur\u00fdra : 774 827 590 a nebo na recepci: 601 347 748<b><br \/>\n<\/b><\/h4>\n<p>&nbsp;<\/p>\n<p>&nbsp;<\/p>\n<p>.<\/p>\n","protected":false},"excerpt":{"rendered":"<p>. &nbsp; Doru\u010dovac\u00ed adresa na redakci : . N a p i \u0161 t e\u00a0 \u00a0p \u0159 e s n \u00e9\u00a0 \u00a0z n \u011b n \u00ed\u00a0 \u00a0 a d r e s y : HOUSE Media Group s.r.o. (SIMPLY OFFICE) Rybn\u00e1 716\/24 Praha 1 \u2013 Star\u00e9 M\u011bsto 110 00 &nbsp; D\u011bv\u010data jsou na recepci od 8:00 do 16:30 hod. (na uveden\u00e9 adrese je pot\u0159eba zvonit na zvonek SIMPLY OFFICE) &nbsp; Telefon pro kur\u00fdra : 774 827 590 a nebo na recepci: 601 347 748 &nbsp; &nbsp; .<\/p>\n","protected":false},"author":1,"featured_media":0,"parent":0,"menu_order":0,"comment_status":"closed","ping_status":"closed","template":"","meta":{"_mi_skip_tracking":false,"_monsterinsights_sitenote_active":false,"_monsterinsights_sitenote_note":"","_monsterinsights_sitenote_category":0},"yoast_head":"<!-- This site is optimized with the Yoast SEO plugin v21.4 - https:\/\/yoast.com\/wordpress\/plugins\/seo\/ -->\n<title>Doru\u010dovac\u00ed adresa na redakci - BydleteStylov\u011b.cz<\/title>\n<meta name=\"robots\" content=\"index, follow, max-snippet:-1, max-image-preview:large, max-video-preview:-1\" \/>\n<link rel=\"canonical\" href=\"https:\/\/bydletestylove.cz\/index.php\/dorucovaci-adresa-na-redakci\/\" \/>\n<meta property=\"og:locale\" content=\"cs_CZ\" \/>\n<meta property=\"og:type\" content=\"article\" \/>\n<meta property=\"og:title\" content=\"Doru\u010dovac\u00ed adresa na redakci - BydleteStylov\u011b.cz\" \/>\n<meta property=\"og:description\" content=\". &nbsp; Doru\u010dovac\u00ed adresa na redakci : . N a p i \u0161 t e\u00a0 \u00a0p \u0159 e s n \u00e9\u00a0 \u00a0z n \u011b n \u00ed\u00a0 \u00a0 a d r e s y : HOUSE Media Group s.r.o. (SIMPLY OFFICE) Rybn\u00e1 716\/24 Praha 1 \u2013 Star\u00e9 M\u011bsto 110 00 &nbsp; D\u011bv\u010data jsou na recepci od 8:00 do 16:30 hod. (na uveden\u00e9 adrese je pot\u0159eba zvonit na zvonek SIMPLY OFFICE) &nbsp; Telefon pro kur\u00fdra : 774 827 590 a nebo na recepci: 601 347 748 &nbsp; &nbsp; .\" \/>\n<meta property=\"og:url\" content=\"https:\/\/bydletestylove.cz\/index.php\/dorucovaci-adresa-na-redakci\/\" \/>\n<meta property=\"og:site_name\" content=\"BydleteStylov\u011b.cz\" \/>\n<meta property=\"article:modified_time\" content=\"2023-10-21T15:57:18+00:00\" \/>\n<meta name=\"twitter:card\" content=\"summary_large_image\" \/>\n<meta name=\"twitter:label1\" content=\"Odhadovan\u00e1 doba \u010dten\u00ed\" \/>\n\t<meta name=\"twitter:data1\" content=\"1 minuta\" \/>\n<script type=\"application\/ld+json\" class=\"yoast-schema-graph\">{\"@context\":\"https:\/\/schema.org\",\"@graph\":[{\"@type\":\"WebPage\",\"@id\":\"https:\/\/bydletestylove.cz\/index.php\/dorucovaci-adresa-na-redakci\/\",\"url\":\"https:\/\/bydletestylove.cz\/index.php\/dorucovaci-adresa-na-redakci\/\",\"name\":\"Doru\u010dovac\u00ed adresa na redakci - BydleteStylov\u011b.cz\",\"isPartOf\":{\"@id\":\"https:\/\/bydletestylove.cz\/#website\"},\"datePublished\":\"2023-10-21T15:55:59+00:00\",\"dateModified\":\"2023-10-21T15:57:18+00:00\",\"breadcrumb\":{\"@id\":\"https:\/\/bydletestylove.cz\/index.php\/dorucovaci-adresa-na-redakci\/#breadcrumb\"},\"inLanguage\":\"cs\",\"potentialAction\":[{\"@type\":\"ReadAction\",\"target\":[\"https:\/\/bydletestylove.cz\/index.php\/dorucovaci-adresa-na-redakci\/\"]}]},{\"@type\":\"BreadcrumbList\",\"@id\":\"https:\/\/bydletestylove.cz\/index.php\/dorucovaci-adresa-na-redakci\/#breadcrumb\",\"itemListElement\":[{\"@type\":\"ListItem\",\"position\":1,\"name\":\"Dom\u016f\",\"item\":\"https:\/\/bydletestylove.cz\/\"},{\"@type\":\"ListItem\",\"position\":2,\"name\":\"Doru\u010dovac\u00ed adresa na redakci\"}]},{\"@type\":\"WebSite\",\"@id\":\"https:\/\/bydletestylove.cz\/#website\",\"url\":\"https:\/\/bydletestylove.cz\/\",\"name\":\"BydleteStylov\u011b.cz\",\"description\":\"Port\u00e1l o stylov\u00e9m bydlen\u00ed...\",\"publisher\":{\"@id\":\"https:\/\/bydletestylove.cz\/#organization\"},\"potentialAction\":[{\"@type\":\"SearchAction\",\"target\":{\"@type\":\"EntryPoint\",\"urlTemplate\":\"https:\/\/bydletestylove.cz\/?s={search_term_string}\"},\"query-input\":\"required name=search_term_string\"}],\"inLanguage\":\"cs\"},{\"@type\":\"Organization\",\"@id\":\"https:\/\/bydletestylove.cz\/#organization\",\"name\":\"BydleteStylov\u011b.cz\",\"url\":\"https:\/\/bydletestylove.cz\/\",\"logo\":{\"@type\":\"ImageObject\",\"inLanguage\":\"cs\",\"@id\":\"https:\/\/bydletestylove.cz\/#\/schema\/logo\/image\/\",\"url\":\"http:\/\/bydletestylove.cz\/wp-content\/uploads\/2024\/12\/cropped-Logo-Bydlete-Stylove.jpg\",\"contentUrl\":\"http:\/\/bydletestylove.cz\/wp-content\/uploads\/2024\/12\/cropped-Logo-Bydlete-Stylove.jpg\",\"width\":290,\"height\":143,\"caption\":\"BydleteStylov\u011b.cz\"},\"image\":{\"@id\":\"https:\/\/bydletestylove.cz\/#\/schema\/logo\/image\/\"},\"sameAs\":[\"https:\/\/www.instagram.com\/bydletestylove.cz\/\"]}]}<\/script>\n<!-- \/ Yoast SEO plugin. -->","yoast_head_json":{"title":"Doru\u010dovac\u00ed adresa na redakci - BydleteStylov\u011b.cz","robots":{"index":"index","follow":"follow","max-snippet":"max-snippet:-1","max-image-preview":"max-image-preview:large","max-video-preview":"max-video-preview:-1"},"canonical":"https:\/\/bydletestylove.cz\/index.php\/dorucovaci-adresa-na-redakci\/","og_locale":"cs_CZ","og_type":"article","og_title":"Doru\u010dovac\u00ed adresa na redakci - BydleteStylov\u011b.cz","og_description":". &nbsp; Doru\u010dovac\u00ed adresa na redakci : . N a p i \u0161 t e\u00a0 \u00a0p \u0159 e s n \u00e9\u00a0 \u00a0z n \u011b n \u00ed\u00a0 \u00a0 a d r e s y : HOUSE Media Group s.r.o. (SIMPLY OFFICE) Rybn\u00e1 716\/24 Praha 1 \u2013 Star\u00e9 M\u011bsto 110 00 &nbsp; D\u011bv\u010data jsou na recepci od 8:00 do 16:30 hod. (na uveden\u00e9 adrese je pot\u0159eba zvonit na zvonek SIMPLY OFFICE) &nbsp; Telefon pro kur\u00fdra : 774 827 590 a nebo na recepci: 601 347 748 &nbsp; &nbsp; .","og_url":"https:\/\/bydletestylove.cz\/index.php\/dorucovaci-adresa-na-redakci\/","og_site_name":"BydleteStylov\u011b.cz","article_modified_time":"2023-10-21T15:57:18+00:00","twitter_card":"summary_large_image","twitter_misc":{"Odhadovan\u00e1 doba \u010dten\u00ed":"1 minuta"},"schema":{"@context":"https:\/\/schema.org","@graph":[{"@type":"WebPage","@id":"https:\/\/bydletestylove.cz\/index.php\/dorucovaci-adresa-na-redakci\/","url":"https:\/\/bydletestylove.cz\/index.php\/dorucovaci-adresa-na-redakci\/","name":"Doru\u010dovac\u00ed adresa na redakci - BydleteStylov\u011b.cz","isPartOf":{"@id":"https:\/\/bydletestylove.cz\/#website"},"datePublished":"2023-10-21T15:55:59+00:00","dateModified":"2023-10-21T15:57:18+00:00","breadcrumb":{"@id":"https:\/\/bydletestylove.cz\/index.php\/dorucovaci-adresa-na-redakci\/#breadcrumb"},"inLanguage":"cs","potentialAction":[{"@type":"ReadAction","target":["https:\/\/bydletestylove.cz\/index.php\/dorucovaci-adresa-na-redakci\/"]}]},{"@type":"BreadcrumbList","@id":"https:\/\/bydletestylove.cz\/index.php\/dorucovaci-adresa-na-redakci\/#breadcrumb","itemListElement":[{"@type":"ListItem","position":1,"name":"Dom\u016f","item":"https:\/\/bydletestylove.cz\/"},{"@type":"ListItem","position":2,"name":"Doru\u010dovac\u00ed adresa na redakci"}]},{"@type":"WebSite","@id":"https:\/\/bydletestylove.cz\/#website","url":"https:\/\/bydletestylove.cz\/","name":"BydleteStylov\u011b.cz","description":"Port\u00e1l o stylov\u00e9m bydlen\u00ed...","publisher":{"@id":"https:\/\/bydletestylove.cz\/#organization"},"potentialAction":[{"@type":"SearchAction","target":{"@type":"EntryPoint","urlTemplate":"https:\/\/bydletestylove.cz\/?s={search_term_string}"},"query-input":"required name=search_term_string"}],"inLanguage":"cs"},{"@type":"Organization","@id":"https:\/\/bydletestylove.cz\/#organization","name":"BydleteStylov\u011b.cz","url":"https:\/\/bydletestylove.cz\/","logo":{"@type":"ImageObject","inLanguage":"cs","@id":"https:\/\/bydletestylove.cz\/#\/schema\/logo\/image\/","url":"http:\/\/bydletestylove.cz\/wp-content\/uploads\/2024\/12\/cropped-Logo-Bydlete-Stylove.jpg","contentUrl":"http:\/\/bydletestylove.cz\/wp-content\/uploads\/2024\/12\/cropped-Logo-Bydlete-Stylove.jpg","width":290,"height":143,"caption":"BydleteStylov\u011b.cz"},"image":{"@id":"https:\/\/bydletestylove.cz\/#\/schema\/logo\/image\/"},"sameAs":["https:\/\/www.instagram.com\/bydletestylove.cz\/"]}]}},"_links":{"self":[{"href":"http:\/\/bydletestylove.cz\/index.php\/wp-json\/wp\/v2\/pages\/232"}],"collection":[{"href":"http:\/\/bydletestylove.cz\/index.php\/wp-json\/wp\/v2\/pages"}],"about":[{"href":"http:\/\/bydletestylove.cz\/index.php\/wp-json\/wp\/v2\/types\/page"}],"author":[{"embeddable":true,"href":"http:\/\/bydletestylove.cz\/index.php\/wp-json\/wp\/v2\/users\/1"}],"replies":[{"embeddable":true,"href":"http:\/\/bydletestylove.cz\/index.php\/wp-json\/wp\/v2\/comments?post=232"}],"version-history":[{"count":2,"href":"http:\/\/bydletestylove.cz\/index.php\/wp-json\/wp\/v2\/pages\/232\/revisions"}],"predecessor-version":[{"id":235,"href":"http:\/\/bydletestylove.cz\/index.php\/wp-json\/wp\/v2\/pages\/232\/revisions\/235"}],"wp:attachment":[{"href":"http:\/\/bydletestylove.cz\/index.php\/wp-json\/wp\/v2\/media?parent=232"}],"curies":[{"name":"wp","href":"https:\/\/api.w.org\/{rel}","templated":true}]}}