{"id":223,"date":"2023-10-21T17:08:01","date_gmt":"2023-10-21T15:08:01","guid":{"rendered":"https:\/\/bydletestylove.cz\/?page_id=223"},"modified":"2023-10-21T17:13:47","modified_gmt":"2023-10-21T15:13:47","slug":"redakce","status":"publish","type":"page","link":"http:\/\/bydletestylove.cz\/index.php\/redakce\/","title":{"rendered":"<span>Redakce<\/span>"},"content":{"rendered":"<p>&nbsp;<\/p>\n<p>&nbsp;<\/p>\n<p><strong>\u0160\u00e9fredaktor &amp; CEO :<\/strong><\/p>\n<p>Mikol\u00e1\u0161ek Ivo<\/p>\n<div class=\"wp-block-spacer\" aria-hidden=\"true\"><\/div>\n<div aria-hidden=\"true\">.<\/div>\n<div aria-hidden=\"true\"><\/div>\n<div aria-hidden=\"true\"><\/div>\n<div aria-hidden=\"true\"><\/div>\n<p><strong>Z\u00e1stupce \u0161\u00e9fredaktora a editorka :<\/strong><\/p>\n<p>Mgr. Van\u011bk Miroslav<\/p>\n<div class=\"wp-block-spacer\" aria-hidden=\"true\"><\/div>\n<div aria-hidden=\"true\">.<\/div>\n<div aria-hidden=\"true\"><\/div>\n<div aria-hidden=\"true\"><\/div>\n<div aria-hidden=\"true\"><\/div>\n<p><strong>Produk\u010dn\u00ed obchodn\u00edho odd\u011blen\u00ed :<\/strong><\/p>\n<p>Ol\u0161ansk\u00e1 Tereza<\/p>\n<div class=\"wp-block-spacer\" aria-hidden=\"true\"><\/div>\n<div aria-hidden=\"true\">.<\/div>\n<div aria-hidden=\"true\"><\/div>\n<div aria-hidden=\"true\"><\/div>\n<div aria-hidden=\"true\"><\/div>\n<p><strong>Redakce :<\/strong><\/p>\n<p>Hol\u00e1\u0148ov\u00e1 Jolana<\/p>\n<p>Kub\u00edkov\u00e1 Petra<\/p>\n<p>Pechov\u00e1 Jordana<\/p>\n<p>Mgr. Van\u011bk Miroslav<\/p>\n<div class=\"wp-block-spacer\" aria-hidden=\"true\"><\/div>\n<div aria-hidden=\"true\"><\/div>\n<div aria-hidden=\"true\">.<\/div>\n<div aria-hidden=\"true\"><\/div>\n<div aria-hidden=\"true\"><\/div>\n<div aria-hidden=\"true\"><\/div>\n<p><strong>Fotograf a kameraman :<\/strong><\/p>\n<p>MENHOUSEMAN.cz<\/p>\n<div class=\"wp-block-spacer\" aria-hidden=\"true\"><\/div>\n<div aria-hidden=\"true\">.<\/div>\n<div aria-hidden=\"true\"><\/div>\n<div aria-hidden=\"true\"><\/div>\n<div aria-hidden=\"true\"><\/div>\n<p><strong>Jazykov\u00e9 korektury :<\/strong><\/p>\n<p>Ing. Vladim\u00edra Krej\u010d\u00edkov\u00e1<\/p>\n<div class=\"wp-block-spacer\" aria-hidden=\"true\"><\/div>\n<div aria-hidden=\"true\">.<\/div>\n<div aria-hidden=\"true\"><\/div>\n<div aria-hidden=\"true\"><\/div>\n<div aria-hidden=\"true\"><\/div>\n<p><strong>Pr\u00e1vn\u00ed odd\u011blen\u00ed HMG :<\/strong><\/p>\n<p>Mgr. Hudek Tom\u00e1\u0161<\/p>\n<p>&nbsp;<\/p>\n<p>&nbsp;<\/p>\n<p>.<\/p>\n","protected":false},"excerpt":{"rendered":"<p>&nbsp; &nbsp; \u0160\u00e9fredaktor &amp; CEO : Mikol\u00e1\u0161ek Ivo . Z\u00e1stupce \u0161\u00e9fredaktora a editorka : Mgr. Van\u011bk Miroslav . Produk\u010dn\u00ed obchodn\u00edho odd\u011blen\u00ed : Ol\u0161ansk\u00e1 Tereza . Redakce : Hol\u00e1\u0148ov\u00e1 Jolana Kub\u00edkov\u00e1 Petra Pechov\u00e1 Jordana Mgr. Van\u011bk Miroslav . Fotograf a kameraman : MENHOUSEMAN.cz . Jazykov\u00e9 korektury : Ing. Vladim\u00edra Krej\u010d\u00edkov\u00e1 . Pr\u00e1vn\u00ed odd\u011blen\u00ed HMG : Mgr. Hudek Tom\u00e1\u0161 &nbsp; &nbsp; .<\/p>\n","protected":false},"author":1,"featured_media":0,"parent":0,"menu_order":0,"comment_status":"closed","ping_status":"closed","template":"","meta":{"_mi_skip_tracking":false,"_monsterinsights_sitenote_active":false,"_monsterinsights_sitenote_note":"","_monsterinsights_sitenote_category":0},"yoast_head":"<!-- This site is optimized with the Yoast SEO plugin v21.4 - https:\/\/yoast.com\/wordpress\/plugins\/seo\/ -->\n<title>Redakce - BydleteStylov\u011b.cz<\/title>\n<meta name=\"robots\" content=\"index, follow, max-snippet:-1, max-image-preview:large, max-video-preview:-1\" \/>\n<link rel=\"canonical\" href=\"https:\/\/bydletestylove.cz\/index.php\/redakce\/\" \/>\n<meta property=\"og:locale\" content=\"cs_CZ\" \/>\n<meta property=\"og:type\" content=\"article\" \/>\n<meta property=\"og:title\" content=\"Redakce - BydleteStylov\u011b.cz\" \/>\n<meta property=\"og:description\" content=\"&nbsp; &nbsp; \u0160\u00e9fredaktor &amp; CEO : Mikol\u00e1\u0161ek Ivo . Z\u00e1stupce \u0161\u00e9fredaktora a editorka : Mgr. Van\u011bk Miroslav . Produk\u010dn\u00ed obchodn\u00edho odd\u011blen\u00ed : Ol\u0161ansk\u00e1 Tereza . Redakce : Hol\u00e1\u0148ov\u00e1 Jolana Kub\u00edkov\u00e1 Petra Pechov\u00e1 Jordana Mgr. Van\u011bk Miroslav . Fotograf a kameraman : MENHOUSEMAN.cz . Jazykov\u00e9 korektury : Ing. Vladim\u00edra Krej\u010d\u00edkov\u00e1 . Pr\u00e1vn\u00ed odd\u011blen\u00ed HMG : Mgr. Hudek Tom\u00e1\u0161 &nbsp; &nbsp; .\" \/>\n<meta property=\"og:url\" content=\"https:\/\/bydletestylove.cz\/index.php\/redakce\/\" \/>\n<meta property=\"og:site_name\" content=\"BydleteStylov\u011b.cz\" \/>\n<meta property=\"article:modified_time\" content=\"2023-10-21T15:13:47+00:00\" \/>\n<meta name=\"twitter:card\" content=\"summary_large_image\" \/>\n<meta name=\"twitter:label1\" content=\"Odhadovan\u00e1 doba \u010dten\u00ed\" \/>\n\t<meta name=\"twitter:data1\" content=\"1 minuta\" \/>\n<script type=\"application\/ld+json\" class=\"yoast-schema-graph\">{\"@context\":\"https:\/\/schema.org\",\"@graph\":[{\"@type\":\"WebPage\",\"@id\":\"https:\/\/bydletestylove.cz\/index.php\/redakce\/\",\"url\":\"https:\/\/bydletestylove.cz\/index.php\/redakce\/\",\"name\":\"Redakce - BydleteStylov\u011b.cz\",\"isPartOf\":{\"@id\":\"https:\/\/bydletestylove.cz\/#website\"},\"datePublished\":\"2023-10-21T15:08:01+00:00\",\"dateModified\":\"2023-10-21T15:13:47+00:00\",\"breadcrumb\":{\"@id\":\"https:\/\/bydletestylove.cz\/index.php\/redakce\/#breadcrumb\"},\"inLanguage\":\"cs\",\"potentialAction\":[{\"@type\":\"ReadAction\",\"target\":[\"https:\/\/bydletestylove.cz\/index.php\/redakce\/\"]}]},{\"@type\":\"BreadcrumbList\",\"@id\":\"https:\/\/bydletestylove.cz\/index.php\/redakce\/#breadcrumb\",\"itemListElement\":[{\"@type\":\"ListItem\",\"position\":1,\"name\":\"Dom\u016f\",\"item\":\"https:\/\/bydletestylove.cz\/\"},{\"@type\":\"ListItem\",\"position\":2,\"name\":\"Redakce\"}]},{\"@type\":\"WebSite\",\"@id\":\"https:\/\/bydletestylove.cz\/#website\",\"url\":\"https:\/\/bydletestylove.cz\/\",\"name\":\"BydleteStylov\u011b.cz\",\"description\":\"Port\u00e1l o stylov\u00e9m bydlen\u00ed...\",\"publisher\":{\"@id\":\"https:\/\/bydletestylove.cz\/#organization\"},\"potentialAction\":[{\"@type\":\"SearchAction\",\"target\":{\"@type\":\"EntryPoint\",\"urlTemplate\":\"https:\/\/bydletestylove.cz\/?s={search_term_string}\"},\"query-input\":\"required name=search_term_string\"}],\"inLanguage\":\"cs\"},{\"@type\":\"Organization\",\"@id\":\"https:\/\/bydletestylove.cz\/#organization\",\"name\":\"BydleteStylov\u011b.cz\",\"url\":\"https:\/\/bydletestylove.cz\/\",\"logo\":{\"@type\":\"ImageObject\",\"inLanguage\":\"cs\",\"@id\":\"https:\/\/bydletestylove.cz\/#\/schema\/logo\/image\/\",\"url\":\"http:\/\/bydletestylove.cz\/wp-content\/uploads\/2024\/12\/cropped-Logo-Bydlete-Stylove.jpg\",\"contentUrl\":\"http:\/\/bydletestylove.cz\/wp-content\/uploads\/2024\/12\/cropped-Logo-Bydlete-Stylove.jpg\",\"width\":290,\"height\":143,\"caption\":\"BydleteStylov\u011b.cz\"},\"image\":{\"@id\":\"https:\/\/bydletestylove.cz\/#\/schema\/logo\/image\/\"},\"sameAs\":[\"https:\/\/www.instagram.com\/bydletestylove.cz\/\"]}]}<\/script>\n<!-- \/ Yoast SEO plugin. -->","yoast_head_json":{"title":"Redakce - BydleteStylov\u011b.cz","robots":{"index":"index","follow":"follow","max-snippet":"max-snippet:-1","max-image-preview":"max-image-preview:large","max-video-preview":"max-video-preview:-1"},"canonical":"https:\/\/bydletestylove.cz\/index.php\/redakce\/","og_locale":"cs_CZ","og_type":"article","og_title":"Redakce - BydleteStylov\u011b.cz","og_description":"&nbsp; &nbsp; \u0160\u00e9fredaktor &amp; CEO : Mikol\u00e1\u0161ek Ivo . Z\u00e1stupce \u0161\u00e9fredaktora a editorka : Mgr. Van\u011bk Miroslav . Produk\u010dn\u00ed obchodn\u00edho odd\u011blen\u00ed : Ol\u0161ansk\u00e1 Tereza . Redakce : Hol\u00e1\u0148ov\u00e1 Jolana Kub\u00edkov\u00e1 Petra Pechov\u00e1 Jordana Mgr. Van\u011bk Miroslav . Fotograf a kameraman : MENHOUSEMAN.cz . Jazykov\u00e9 korektury : Ing. Vladim\u00edra Krej\u010d\u00edkov\u00e1 . Pr\u00e1vn\u00ed odd\u011blen\u00ed HMG : Mgr. Hudek Tom\u00e1\u0161 &nbsp; &nbsp; .","og_url":"https:\/\/bydletestylove.cz\/index.php\/redakce\/","og_site_name":"BydleteStylov\u011b.cz","article_modified_time":"2023-10-21T15:13:47+00:00","twitter_card":"summary_large_image","twitter_misc":{"Odhadovan\u00e1 doba \u010dten\u00ed":"1 minuta"},"schema":{"@context":"https:\/\/schema.org","@graph":[{"@type":"WebPage","@id":"https:\/\/bydletestylove.cz\/index.php\/redakce\/","url":"https:\/\/bydletestylove.cz\/index.php\/redakce\/","name":"Redakce - BydleteStylov\u011b.cz","isPartOf":{"@id":"https:\/\/bydletestylove.cz\/#website"},"datePublished":"2023-10-21T15:08:01+00:00","dateModified":"2023-10-21T15:13:47+00:00","breadcrumb":{"@id":"https:\/\/bydletestylove.cz\/index.php\/redakce\/#breadcrumb"},"inLanguage":"cs","potentialAction":[{"@type":"ReadAction","target":["https:\/\/bydletestylove.cz\/index.php\/redakce\/"]}]},{"@type":"BreadcrumbList","@id":"https:\/\/bydletestylove.cz\/index.php\/redakce\/#breadcrumb","itemListElement":[{"@type":"ListItem","position":1,"name":"Dom\u016f","item":"https:\/\/bydletestylove.cz\/"},{"@type":"ListItem","position":2,"name":"Redakce"}]},{"@type":"WebSite","@id":"https:\/\/bydletestylove.cz\/#website","url":"https:\/\/bydletestylove.cz\/","name":"BydleteStylov\u011b.cz","description":"Port\u00e1l o stylov\u00e9m bydlen\u00ed...","publisher":{"@id":"https:\/\/bydletestylove.cz\/#organization"},"potentialAction":[{"@type":"SearchAction","target":{"@type":"EntryPoint","urlTemplate":"https:\/\/bydletestylove.cz\/?s={search_term_string}"},"query-input":"required name=search_term_string"}],"inLanguage":"cs"},{"@type":"Organization","@id":"https:\/\/bydletestylove.cz\/#organization","name":"BydleteStylov\u011b.cz","url":"https:\/\/bydletestylove.cz\/","logo":{"@type":"ImageObject","inLanguage":"cs","@id":"https:\/\/bydletestylove.cz\/#\/schema\/logo\/image\/","url":"http:\/\/bydletestylove.cz\/wp-content\/uploads\/2024\/12\/cropped-Logo-Bydlete-Stylove.jpg","contentUrl":"http:\/\/bydletestylove.cz\/wp-content\/uploads\/2024\/12\/cropped-Logo-Bydlete-Stylove.jpg","width":290,"height":143,"caption":"BydleteStylov\u011b.cz"},"image":{"@id":"https:\/\/bydletestylove.cz\/#\/schema\/logo\/image\/"},"sameAs":["https:\/\/www.instagram.com\/bydletestylove.cz\/"]}]}},"_links":{"self":[{"href":"http:\/\/bydletestylove.cz\/index.php\/wp-json\/wp\/v2\/pages\/223"}],"collection":[{"href":"http:\/\/bydletestylove.cz\/index.php\/wp-json\/wp\/v2\/pages"}],"about":[{"href":"http:\/\/bydletestylove.cz\/index.php\/wp-json\/wp\/v2\/types\/page"}],"author":[{"embeddable":true,"href":"http:\/\/bydletestylove.cz\/index.php\/wp-json\/wp\/v2\/users\/1"}],"replies":[{"embeddable":true,"href":"http:\/\/bydletestylove.cz\/index.php\/wp-json\/wp\/v2\/comments?post=223"}],"version-history":[{"count":4,"href":"http:\/\/bydletestylove.cz\/index.php\/wp-json\/wp\/v2\/pages\/223\/revisions"}],"predecessor-version":[{"id":228,"href":"http:\/\/bydletestylove.cz\/index.php\/wp-json\/wp\/v2\/pages\/223\/revisions\/228"}],"wp:attachment":[{"href":"http:\/\/bydletestylove.cz\/index.php\/wp-json\/wp\/v2\/media?parent=223"}],"curies":[{"name":"wp","href":"https:\/\/api.w.org\/{rel}","templated":true}]}}